{"id":622,"date":"2012-01-16T23:29:45","date_gmt":"2012-01-16T22:29:45","guid":{"rendered":"http:\/\/www.karate-poing.de\/wp\/?page_id=622"},"modified":"2026-02-08T13:19:57","modified_gmt":"2026-02-08T13:19:57","slug":"kata","status":"publish","type":"page","link":"https:\/\/karate-poing.de\/blog\/kata\/","title":{"rendered":"Kata"},"content":{"rendered":"<p>Kata bedeutet \u201eForm\u201c oder \u201eSchablone\u201c. Eine Kata ist ein stilisierter und choreographierter Kampf gegen mehrere imagin\u00e4re Gegner, der einem festgelegten Muster im Raum, Embusen genannt, folgt. Verschiedene Stilrichtungen \u00fcben im Allgemeinen verschiedene Kata, jedoch gibt es auch viele \u00dcberschneidungen, Varianten und unterschiedliche Namensgebung. Kata entwickelten sich wie bereits im Abschnitt Geschichte erw\u00e4hnt zur komprimierten Weitergabe der Techniken einer Schule oder eines einzelnen Meisters ohne die Notwendigkeit schriftlicher Aufzeichnung.<\/p>\n<p>Die f\u00fcnf Elemente der Kata sind<\/p>\n<ol>\n<li>Genkyo<\/li>\n<li>Bunkai<\/li>\n<li>\u014cy\u014d<\/li>\n<li>Henka<\/li>\n<li>Kakushi<\/li>\n<\/ol>\n<h3>Genko &#8211; Basisform<\/h3>\n<p>Der Begriff <strong>genkyo<\/strong> (jap.: \u539f\u62e0) bezeichnet die Grundform einer Karate-Kata, also das, was man unter ihrem technischen Ablauf versteht und ist Teil des kata bunkai.&lt;br.&gt;Zum besseren Verst\u00e4ndnis k\u00f6nnen die Techniken der kata isolliert ge\u00fcbt werden, wodurch kihon (Grundschule) entsteht. Kihon ist dementsprechend ein Resultat der Zerlegung der kata in einzelne Techniken (kata kihon), in denen die Prinzipien des omote (offensichtlich) und ura (hintergr\u00fcndig) in der Pers\u00f6nlichkeit des \u00dcbenden sichtbar werden.<\/p>\n<h3>Bunkai &#8211; Studium der Kata<\/h3>\n<p>Mit\u00a0<b>kata bunkai<\/b>\u00a0(\u578b\u5206\u89e3) bezeichnet man das\u00a0Studium der Karate-Kata. Grunds\u00e4tzlich besteht diese Methode (<i>bunkai<\/i>) aus einem zweigleisigen Studienweg (\u7406\u8ad6\u3068\u5b9f\u8df5,\u00a0<i>riron to jissen<\/i>), das das Studium der Theorie (\u578b\u306e\u7406\u8ad6,\u00a0<i>kata no riron<\/i>) und das Studium der Praxis (\u578b\u306e\u5b9f\u8df5,\u00a0<i>kata no jissen<\/i>) enth\u00e4lt, auf dem Voraussetzungen f\u00fcr das korrekte Verst\u00e4ndnis einer\u00a0<i>kata<\/i>\u00a0als Weg\u00fcbung (<i>d\u014d<\/i>) gegr\u00fcndet werden. Dies jedoch nur dann, wenn das Gesamtkonzept der\u00a0\u00dcbung\u00a0einem klassischen Konzept unter einem\u00a0<i>sensei<\/i>\u00a0folgt. Die Wettkampf-Kata entspricht nicht diesem Konzept.<\/p>\n<h3>\u014cy\u014d &#8211; Anwendung<\/h3>\n<p>Der Begriff\u00a0<b>\u014dy\u014d<\/b>\u00a0(\u5fdc\u7528) bedeutet &#8222;Anwendung&#8220; und ist der k\u00e4mpferische Teil des wesentlich komplexeren\u00a0<i>kata bunkai<\/i>.\u00a0<i>\u014cy\u014d<\/i>\u00a0bezeichnet das Studium und die \u00dcbung der k\u00e4mpferischen Sequenzen aus einer klassischen\u00a0<i>kata<\/i>. Durch\u00a0<i>\u014dy\u014d<\/i>\u00a0kann der Kampfstil einer\u00a0<i>kata<\/i>\u00a0entschl\u00fcsselt und gelernt werden.&lt;br.&gt;Im Gegensatz zu\u00a0<i>\u014dy\u014d<\/i>\u00a0bezeichnet\u00a0<i>kumite<\/i>\u00a0die Anwendung der einzelnen Techniken im\u00a0<i>karate<\/i>\u00a0mit einem Partner.\u00a0<i>Kumite<\/i>\u00a0ist kein\u00a0<i>\u014dy\u014d<\/i>, sondern eine Partner\u00fcbung, in deren verschiedenen Unterformen, die Karate-Techniken zur Routine gebracht werden. Im\u00a0<i>\u014dy\u014d<\/i>\u00a0ist das k\u00e4mpferische Verfahren durch die\u00a0<i>kata<\/i>\u00a0vorgegeben, im\u00a0<i>kumite<\/i>\u00a0k\u00f6nnen Karate-Techniken frei gew\u00e4hlt werden.<\/p>\n<h3>Henka &#8211; Variationen<\/h3>\n<p>Der Begriff <strong>henka<\/strong> (\u5909\u5316) bezeichnet im Japanischen einen Wandel, eine Wende, einen Wechseln, eine Ver\u00e4nderung, eine Variation.\u00a0<\/p>\n<h3>Kakushi &#8211; Die Versteckte Technik<\/h3>\n<p>Der Begriff <strong>kakushi waza<\/strong> (\u96a0\u3057\u6280) bedeutet \u201eversteckte Technik\u201c und ist ein Teil des kata bunkai.<\/p>\n<p>&nbsp;<\/p>\n\n\n<p>Quelle: Budopedia, <a href=\"http:\/\/www.budopedia.de\/wiki\/Genkyo\">http:\/\/www.budopedia.de\/wiki\/<\/a><\/p>\n\n\n\n<p><\/p>\n","protected":false},"excerpt":{"rendered":"<p>Kata bedeutet \u201eForm\u201c oder \u201eSchablone\u201c. Eine Kata ist ein stilisierter und choreographierter Kampf gegen mehrere imagin\u00e4re &hellip; <a title=\"Kata\" class=\"hm-read-more\" href=\"https:\/\/karate-poing.de\/blog\/kata\/\"><span class=\"screen-reader-text\">Kata<\/span>Weiterlesen<\/a><\/p>\n","protected":false},"author":2,"featured_media":0,"parent":0,"menu_order":30,"comment_status":"closed","ping_status":"closed","template":"","meta":{"footnotes":""},"class_list":["post-622","page","type-page","status-publish","hentry"],"_links":{"self":[{"href":"https:\/\/karate-poing.de\/blog\/wp-json\/wp\/v2\/pages\/622","targetHints":{"allow":["GET"]}}],"collection":[{"href":"https:\/\/karate-poing.de\/blog\/wp-json\/wp\/v2\/pages"}],"about":[{"href":"https:\/\/karate-poing.de\/blog\/wp-json\/wp\/v2\/types\/page"}],"author":[{"embeddable":true,"href":"https:\/\/karate-poing.de\/blog\/wp-json\/wp\/v2\/users\/2"}],"replies":[{"embeddable":true,"href":"https:\/\/karate-poing.de\/blog\/wp-json\/wp\/v2\/comments?post=622"}],"version-history":[{"count":3,"href":"https:\/\/karate-poing.de\/blog\/wp-json\/wp\/v2\/pages\/622\/revisions"}],"predecessor-version":[{"id":4056,"href":"https:\/\/karate-poing.de\/blog\/wp-json\/wp\/v2\/pages\/622\/revisions\/4056"}],"wp:attachment":[{"href":"https:\/\/karate-poing.de\/blog\/wp-json\/wp\/v2\/media?parent=622"}],"curies":[{"name":"wp","href":"https:\/\/api.w.org\/{rel}","templated":true}]}}