{"id":474,"date":"2011-06-10T21:19:26","date_gmt":"2011-06-10T20:19:26","guid":{"rendered":"http:\/\/www.karate-poing.de\/wp\/?page_id=474"},"modified":"2026-02-07T22:44:36","modified_gmt":"2026-02-07T22:44:36","slug":"shotokan","status":"publish","type":"page","link":"https:\/\/karate-poing.de\/blog\/shotokan\/","title":{"rendered":"Shotokan"},"content":{"rendered":"<p>Der Shotokan-Stil entwickelte sich und wurde beeinflusst wie viele andere Stilrichtungen auch von den schon auf Okinawa bestehenden Stilarten Shorin-Ryu, Shuri-Te und Tomari-Te.\n<\/ul>\n<p>Dem Gr\u00fcnder Gichin Funakoshi ist es zu verdanken, da\u00df das Karate und im Besonderen die Stilrichtung Shotokan nach den Jahren des zweiten Weltkrieges eine gro\u00dfe weltweite Popularit\u00e4t erreichte. Obwohl Gichin Funakoshi, wie auch sein Nachfolger Egami Shigeru, sich mit aller Macht gegen ein wettkampforientiertes Karate wehrten, konnten sie dieses nicht verhindern.<\/p>\n<p>Bekannte Karate-Meister wie Nishijama, Nakayama etc. setzten sich mit ihrer Ideologie, ein wettkampforientiertes Karate zu betreiben, durch. Indem Nakayama die JKA (Japan Karate Association) gr\u00fcndete, hatte er gro\u00dfen Anteil daran, da\u00df der Shotokan-Stil (wie er ihn verstand) sich immer st\u00e4rker in Japan festigte. Mit der weltweiten Entsendung von Karate- Meistern wie Kanazawa, Enoeda, Kase, Shirai, Ochi, etc. konnte sich die JKA und damit die Stilrichtung Shotokan zu einer der gr\u00f6\u00dften Stilarten weltweit entwickeln.<\/p>\n<ul>\n<li>Der Shotokan-Stil zeichnet sich in der Ausf\u00fchrung besonders durch lange und weite Techniken und Stellungen aus.<\/li>\n<li>Im Shotokan-Stil werden 26 Katas gelehrt.<\/li>\n<\/ul>\n<p>Gichin Funakoshi war nicht nur einer der bedeutensten Karate-Lehrer, sondern auch ein in Japan sehr bekannter Gedichteschreiber, der seine Gedichte und Verse mit dem Pseudonym &#8222;Shoto&#8220; (Pinienrausch) unterschrieb. Aus diesem Namen &#8222;Shoto&#8220; und dem Namen f\u00fcr Haus (&#8222;Kan&#8220;), das auch seine Trainingshalle war, wurde der Begriff &#8222;Shotokan&#8220; gepr\u00e4gt.<\/p>\n<figure style=\"width: 213px\" class=\"wp-caption aligncenter\"><img decoding=\"async\" alt=\"Gichin Funakoshi (Source: http:\/\/www.gichinfunakoshi.com\/gichin.htm)\" src=\"https:\/\/www.skifworld.com\/images\/Gichin-Funakoshi.gif\" title=\"Gichin Funakoshi (Source: https:\/\/www.skifworld.com\/images\/Gichin-Funakoshi.gif)\" \/><figcaption class=\"wp-caption-text\">Gichin Funakoshi <\/figcaption><\/figure>\n","protected":false},"excerpt":{"rendered":"<p>Der Shotokan-Stil entwickelte sich und wurde beeinflusst wie viele andere Stilrichtungen auch von den schon auf &hellip; <a title=\"Shotokan\" class=\"hm-read-more\" href=\"https:\/\/karate-poing.de\/blog\/shotokan\/\"><span class=\"screen-reader-text\">Shotokan<\/span>Weiterlesen<\/a><\/p>\n","protected":false},"author":2,"featured_media":0,"parent":0,"menu_order":20,"comment_status":"closed","ping_status":"closed","template":"","meta":{"footnotes":""},"class_list":["post-474","page","type-page","status-publish","hentry"],"_links":{"self":[{"href":"https:\/\/karate-poing.de\/blog\/wp-json\/wp\/v2\/pages\/474","targetHints":{"allow":["GET"]}}],"collection":[{"href":"https:\/\/karate-poing.de\/blog\/wp-json\/wp\/v2\/pages"}],"about":[{"href":"https:\/\/karate-poing.de\/blog\/wp-json\/wp\/v2\/types\/page"}],"author":[{"embeddable":true,"href":"https:\/\/karate-poing.de\/blog\/wp-json\/wp\/v2\/users\/2"}],"replies":[{"embeddable":true,"href":"https:\/\/karate-poing.de\/blog\/wp-json\/wp\/v2\/comments?post=474"}],"version-history":[{"count":1,"href":"https:\/\/karate-poing.de\/blog\/wp-json\/wp\/v2\/pages\/474\/revisions"}],"predecessor-version":[{"id":4033,"href":"https:\/\/karate-poing.de\/blog\/wp-json\/wp\/v2\/pages\/474\/revisions\/4033"}],"wp:attachment":[{"href":"https:\/\/karate-poing.de\/blog\/wp-json\/wp\/v2\/media?parent=474"}],"curies":[{"name":"wp","href":"https:\/\/api.w.org\/{rel}","templated":true}]}}